{"id":4092,"date":"2022-12-27T18:36:14","date_gmt":"2022-12-27T17:36:14","guid":{"rendered":"https:\/\/ilfuco.it\/prodotto\/patentino-a2\/"},"modified":"2024-12-06T13:52:21","modified_gmt":"2024-12-06T12:52:21","slug":"a2","status":"publish","type":"product","link":"https:\/\/ilfuco.it\/en\/product\/a2\/","title":{"rendered":"Categoria AQUILE\ud83e\udd85 A2"},"content":{"rendered":"<div class=\"members-access-error\"><\/div>","protected":false},"excerpt":{"rendered":"<div class=\"members-access-error\"><\/div>","protected":false},"featured_media":5319,"comment_status":"open","ping_status":"closed","template":"","meta":{"_kad_post_transparent":"default","_kad_post_title":"","_kad_post_layout":"default","_kad_post_sidebar_id":"","_kad_post_content_style":"default","_kad_post_vertical_padding":"default","_kad_post_feature":"","_kad_post_feature_position":"","_kad_post_header":false,"_kad_post_footer":false},"product_brand":[],"product_cat":[306],"product_tag":[341,345,346,335,334,347,342,332,348],"class_list":{"0":"post-4092","1":"product","2":"type-product","3":"status-publish","4":"has-post-thumbnail","6":"product_cat-license","7":"product_tag-corso","8":"product_tag-drone","9":"product_tag-droni","10":"product_tag-easa","11":"product_tag-enac","12":"product_tag-il-fuco","13":"product_tag-offerta","14":"product_tag-patentino","15":"product_tag-uas","17":"first","18":"instock","19":"virtual","20":"sold-individually","21":"purchasable","22":"product-type-simple","23":"entry","24":"content-bg","25":"loop-entry"},"yoast_head":"<!-- This site is optimized with the Yoast SEO plugin v24.6 - https:\/\/yoast.com\/wordpress\/plugins\/seo\/ -->\n<title>Categoria AQUILE\ud83e\udd85 A2 - ilFuco.it<\/title>\n<meta name=\"description\" content=\"ilFuco.it Il corso A2 per UAS \u00e8 progettato per i piloti di droni che intendono operare nella categoria Open in situazioni pi\u00f9 complesse rispetto alla certificazione A1-A3, offrendo la possibilit\u00e0 di volare vicino a persone non coinvolte, ma non su folle. Questo corso \u00e8 conforme alla normativa EASA e rappresenta il passaggio intermedio verso operazioni professionali o semi-professionali con droni di dimensioni maggiori.\" \/>\n<meta name=\"robots\" content=\"index, follow, max-snippet:-1, max-image-preview:large, max-video-preview:-1\" \/>\n<link rel=\"canonical\" href=\"https:\/\/ilfuco.it\/en\/product\/a2\/\" \/>\n<meta property=\"og:locale\" content=\"en_US\" \/>\n<meta property=\"og:type\" content=\"article\" \/>\n<meta property=\"og:title\" content=\"Categoria AQUILE\ud83e\udd85 A2 - ilFuco.it\" \/>\n<meta property=\"og:description\" content=\"ilFuco.it Il corso A2 per UAS \u00e8 progettato per i piloti di droni che intendono operare nella categoria Open in situazioni pi\u00f9 complesse rispetto alla certificazione A1-A3, offrendo la possibilit\u00e0 di volare vicino a persone non coinvolte, ma non su folle. Questo corso \u00e8 conforme alla normativa EASA e rappresenta il passaggio intermedio verso operazioni professionali o semi-professionali con droni di dimensioni maggiori.\" \/>\n<meta property=\"og:url\" content=\"https:\/\/ilfuco.it\/en\/product\/a2\/\" \/>\n<meta property=\"og:site_name\" content=\"ilFuco.it\" \/>\n<meta property=\"article:publisher\" content=\"https:\/\/www.facebook.com\/ILFUCO.IT\" \/>\n<meta property=\"article:modified_time\" content=\"2024-12-06T12:52:21+00:00\" \/>\n<meta property=\"og:image\" content=\"https:\/\/ilfuco.it\/wp-content\/uploads\/2024\/01\/aquile-pulsante-copia.webp\" \/>\n\t<meta property=\"og:image:width\" content=\"607\" \/>\n\t<meta property=\"og:image:height\" content=\"607\" \/>\n\t<meta property=\"og:image:type\" content=\"image\/webp\" \/>\n<meta name=\"twitter:card\" content=\"summary_large_image\" \/>\n<meta name=\"twitter:label1\" content=\"Est. reading time\" \/>\n\t<meta name=\"twitter:data1\" content=\"3 minutes\" \/>\n<script type=\"application\/ld+json\" class=\"yoast-schema-graph\">{\"@context\":\"https:\/\/schema.org\",\"@graph\":[{\"@type\":\"WebPage\",\"@id\":\"https:\/\/ilfuco.it\/prodotto\/a2\/\",\"url\":\"https:\/\/ilfuco.it\/prodotto\/a2\/\",\"name\":\"Categoria AQUILE\ud83e\udd85 A2 - ilFuco.it\",\"isPartOf\":{\"@id\":\"https:\/\/ilfuco.it\/#website\"},\"primaryImageOfPage\":{\"@id\":\"https:\/\/ilfuco.it\/prodotto\/a2\/#primaryimage\"},\"image\":{\"@id\":\"https:\/\/ilfuco.it\/prodotto\/a2\/#primaryimage\"},\"thumbnailUrl\":\"https:\/\/ilfuco.it\/wp-content\/uploads\/2024\/01\/aquile-pulsante-copia.webp\",\"datePublished\":\"2022-12-27T17:36:14+00:00\",\"dateModified\":\"2024-12-06T12:52:21+00:00\",\"description\":\"ilFuco.it Il corso A2 per UAS \u00e8 progettato per i piloti di droni che intendono operare nella categoria Open in situazioni pi\u00f9 complesse rispetto alla certificazione A1-A3, offrendo la possibilit\u00e0 di volare vicino a persone non coinvolte, ma non su folle. Questo corso \u00e8 conforme alla normativa EASA e rappresenta il passaggio intermedio verso operazioni professionali o semi-professionali con droni di dimensioni maggiori.\",\"breadcrumb\":{\"@id\":\"https:\/\/ilfuco.it\/prodotto\/a2\/#breadcrumb\"},\"inLanguage\":\"en-US\",\"potentialAction\":[{\"@type\":\"ReadAction\",\"target\":[\"https:\/\/ilfuco.it\/prodotto\/a2\/\"]}]},{\"@type\":\"ImageObject\",\"inLanguage\":\"en-US\",\"@id\":\"https:\/\/ilfuco.it\/prodotto\/a2\/#primaryimage\",\"url\":\"https:\/\/ilfuco.it\/wp-content\/uploads\/2024\/01\/aquile-pulsante-copia.webp\",\"contentUrl\":\"https:\/\/ilfuco.it\/wp-content\/uploads\/2024\/01\/aquile-pulsante-copia.webp\",\"width\":607,\"height\":607},{\"@type\":\"BreadcrumbList\",\"@id\":\"https:\/\/ilfuco.it\/prodotto\/a2\/#breadcrumb\",\"itemListElement\":[{\"@type\":\"ListItem\",\"position\":1,\"name\":\"Home\",\"item\":\"https:\/\/ilfuco.it\/\"},{\"@type\":\"ListItem\",\"position\":2,\"name\":\"Academy IL FUCO\ud83d\udcd2\",\"item\":\"https:\/\/ilfuco.it\/academy\/\"},{\"@type\":\"ListItem\",\"position\":3,\"name\":\"Categoria AQUILE\ud83e\udd85 A2\"}]},{\"@type\":\"WebSite\",\"@id\":\"https:\/\/ilfuco.it\/#website\",\"url\":\"https:\/\/ilfuco.it\/\",\"name\":\"ilFuco.it\",\"description\":\"[Vola facile]\",\"publisher\":{\"@id\":\"https:\/\/ilfuco.it\/#organization\"},\"potentialAction\":[{\"@type\":\"SearchAction\",\"target\":{\"@type\":\"EntryPoint\",\"urlTemplate\":\"https:\/\/ilfuco.it\/?s={search_term_string}\"},\"query-input\":{\"@type\":\"PropertyValueSpecification\",\"valueRequired\":true,\"valueName\":\"search_term_string\"}}],\"inLanguage\":\"en-US\"},{\"@type\":\"Organization\",\"@id\":\"https:\/\/ilfuco.it\/#organization\",\"name\":\"ilFuco.it\",\"url\":\"https:\/\/ilfuco.it\/\",\"logo\":{\"@type\":\"ImageObject\",\"inLanguage\":\"en-US\",\"@id\":\"https:\/\/ilfuco.it\/#\/schema\/logo\/image\/\",\"url\":\"https:\/\/ilfuco.it\/wp-content\/uploads\/2023\/04\/logo-trasp.webp\",\"contentUrl\":\"https:\/\/ilfuco.it\/wp-content\/uploads\/2023\/04\/logo-trasp.webp\",\"width\":648,\"height\":652,\"caption\":\"ilFuco.it\"},\"image\":{\"@id\":\"https:\/\/ilfuco.it\/#\/schema\/logo\/image\/\"},\"sameAs\":[\"https:\/\/www.facebook.com\/ILFUCO.IT\"]}]}<\/script>\n<!-- \/ Yoast SEO plugin. -->","yoast_head_json":{"title":"Categoria AQUILE\ud83e\udd85 A2 - ilFuco.it","description":"ilFuco.it Il corso A2 per UAS \u00e8 progettato per i piloti di droni che intendono operare nella categoria Open in situazioni pi\u00f9 complesse rispetto alla certificazione A1-A3, offrendo la possibilit\u00e0 di volare vicino a persone non coinvolte, ma non su folle. Questo corso \u00e8 conforme alla normativa EASA e rappresenta il passaggio intermedio verso operazioni professionali o semi-professionali con droni di dimensioni maggiori.","robots":{"index":"index","follow":"follow","max-snippet":"max-snippet:-1","max-image-preview":"max-image-preview:large","max-video-preview":"max-video-preview:-1"},"canonical":"https:\/\/ilfuco.it\/en\/product\/a2\/","og_locale":"en_US","og_type":"article","og_title":"Categoria AQUILE\ud83e\udd85 A2 - ilFuco.it","og_description":"ilFuco.it Il corso A2 per UAS \u00e8 progettato per i piloti di droni che intendono operare nella categoria Open in situazioni pi\u00f9 complesse rispetto alla certificazione A1-A3, offrendo la possibilit\u00e0 di volare vicino a persone non coinvolte, ma non su folle. Questo corso \u00e8 conforme alla normativa EASA e rappresenta il passaggio intermedio verso operazioni professionali o semi-professionali con droni di dimensioni maggiori.","og_url":"https:\/\/ilfuco.it\/en\/product\/a2\/","og_site_name":"ilFuco.it","article_publisher":"https:\/\/www.facebook.com\/ILFUCO.IT","article_modified_time":"2024-12-06T12:52:21+00:00","og_image":[{"width":607,"height":607,"url":"https:\/\/ilfuco.it\/wp-content\/uploads\/2024\/01\/aquile-pulsante-copia.webp","type":"image\/webp"}],"twitter_card":"summary_large_image","twitter_misc":{"Est. reading time":"3 minutes"},"schema":{"@context":"https:\/\/schema.org","@graph":[{"@type":"WebPage","@id":"https:\/\/ilfuco.it\/prodotto\/a2\/","url":"https:\/\/ilfuco.it\/prodotto\/a2\/","name":"Categoria AQUILE\ud83e\udd85 A2 - ilFuco.it","isPartOf":{"@id":"https:\/\/ilfuco.it\/#website"},"primaryImageOfPage":{"@id":"https:\/\/ilfuco.it\/prodotto\/a2\/#primaryimage"},"image":{"@id":"https:\/\/ilfuco.it\/prodotto\/a2\/#primaryimage"},"thumbnailUrl":"https:\/\/ilfuco.it\/wp-content\/uploads\/2024\/01\/aquile-pulsante-copia.webp","datePublished":"2022-12-27T17:36:14+00:00","dateModified":"2024-12-06T12:52:21+00:00","description":"ilFuco.it Il corso A2 per UAS \u00e8 progettato per i piloti di droni che intendono operare nella categoria Open in situazioni pi\u00f9 complesse rispetto alla certificazione A1-A3, offrendo la possibilit\u00e0 di volare vicino a persone non coinvolte, ma non su folle. Questo corso \u00e8 conforme alla normativa EASA e rappresenta il passaggio intermedio verso operazioni professionali o semi-professionali con droni di dimensioni maggiori.","breadcrumb":{"@id":"https:\/\/ilfuco.it\/prodotto\/a2\/#breadcrumb"},"inLanguage":"en-US","potentialAction":[{"@type":"ReadAction","target":["https:\/\/ilfuco.it\/prodotto\/a2\/"]}]},{"@type":"ImageObject","inLanguage":"en-US","@id":"https:\/\/ilfuco.it\/prodotto\/a2\/#primaryimage","url":"https:\/\/ilfuco.it\/wp-content\/uploads\/2024\/01\/aquile-pulsante-copia.webp","contentUrl":"https:\/\/ilfuco.it\/wp-content\/uploads\/2024\/01\/aquile-pulsante-copia.webp","width":607,"height":607},{"@type":"BreadcrumbList","@id":"https:\/\/ilfuco.it\/prodotto\/a2\/#breadcrumb","itemListElement":[{"@type":"ListItem","position":1,"name":"Home","item":"https:\/\/ilfuco.it\/"},{"@type":"ListItem","position":2,"name":"Academy IL FUCO\ud83d\udcd2","item":"https:\/\/ilfuco.it\/academy\/"},{"@type":"ListItem","position":3,"name":"Categoria AQUILE\ud83e\udd85 A2"}]},{"@type":"WebSite","@id":"https:\/\/ilfuco.it\/#website","url":"https:\/\/ilfuco.it\/","name":"ilFuco.it","description":"[Vola facile]","publisher":{"@id":"https:\/\/ilfuco.it\/#organization"},"potentialAction":[{"@type":"SearchAction","target":{"@type":"EntryPoint","urlTemplate":"https:\/\/ilfuco.it\/?s={search_term_string}"},"query-input":{"@type":"PropertyValueSpecification","valueRequired":true,"valueName":"search_term_string"}}],"inLanguage":"en-US"},{"@type":"Organization","@id":"https:\/\/ilfuco.it\/#organization","name":"ilFuco.it","url":"https:\/\/ilfuco.it\/","logo":{"@type":"ImageObject","inLanguage":"en-US","@id":"https:\/\/ilfuco.it\/#\/schema\/logo\/image\/","url":"https:\/\/ilfuco.it\/wp-content\/uploads\/2023\/04\/logo-trasp.webp","contentUrl":"https:\/\/ilfuco.it\/wp-content\/uploads\/2023\/04\/logo-trasp.webp","width":648,"height":652,"caption":"ilFuco.it"},"image":{"@id":"https:\/\/ilfuco.it\/#\/schema\/logo\/image\/"},"sameAs":["https:\/\/www.facebook.com\/ILFUCO.IT"]}]}},"column":"2","wpcf_product":{"display_name":"Marco Sandano","location":"","funding_goal":"","total_raised":0,"raised_percent":"0%","desc":"Corso Aquile\r\nIl cor","days_remaining":0,"product_thumb":"<img width=\"300\" height=\"300\" src=\"https:\/\/ilfuco.it\/wp-content\/uploads\/2024\/01\/aquile-pulsante-copia-300x300.webp\" class=\"attachment-woocommerce_thumbnail size-woocommerce_thumbnail\" alt=\"Categoria AQUILE\ud83e\udd85 A2\" decoding=\"async\" loading=\"lazy\" srcset=\"https:\/\/ilfuco.it\/wp-content\/uploads\/2024\/01\/aquile-pulsante-copia-300x300.webp 300w, https:\/\/ilfuco.it\/wp-content\/uploads\/2024\/01\/aquile-pulsante-copia-150x150.webp 150w, https:\/\/ilfuco.it\/wp-content\/uploads\/2024\/01\/aquile-pulsante-copia-12x12.webp 12w, https:\/\/ilfuco.it\/wp-content\/uploads\/2024\/01\/aquile-pulsante-copia-600x600.webp 600w, https:\/\/ilfuco.it\/wp-content\/uploads\/2024\/01\/aquile-pulsante-copia-100x100.webp 100w, https:\/\/ilfuco.it\/wp-content\/uploads\/2024\/01\/aquile-pulsante-copia-50x50.webp 50w, https:\/\/ilfuco.it\/wp-content\/uploads\/2024\/01\/aquile-pulsante-copia.webp 607w\" sizes=\"auto, (max-width: 300px) 100vw, 300px\" \/>"},"wpcf_dashboard":"<div class=\"woocommerce\"><div class=\"woocommerce-info\">Please log in first? <a class=\"wpneoShowLogin\" href=\"#\">Click here to login<\/a><\/div><div class=\"wpneo_login_form_div\" style=\"display: none;\"><form name=\"loginform\" id=\"loginform\" action=\"https:\/\/ilfuco.it\/wp-login.php\" method=\"post\"><p class=\"login-username\">\n\t\t\t\t<label for=\"user_login\">Username or Email Address<\/label>\n\t\t\t\t<input type=\"text\" name=\"log\" id=\"user_login\" autocomplete=\"username\" class=\"input\" value=\"\" size=\"20\" \/>\n\t\t\t<\/p><p class=\"login-password\">\n\t\t\t\t<label for=\"user_pass\">Password<\/label>\n\t\t\t\t<input type=\"password\" name=\"pwd\" id=\"user_pass\" autocomplete=\"current-password\" spellcheck=\"false\" class=\"input\" value=\"\" size=\"20\" \/>\n\t\t\t<\/p><p class=\"login-remember\"><label><input name=\"rememberme\" type=\"checkbox\" id=\"rememberme\" value=\"forever\" \/> Remember Me<\/label><\/p><p class=\"login-submit\">\n\t\t\t\t<input type=\"submit\" name=\"wp-submit\" id=\"wp-submit\" class=\"button button-primary\" value=\"Log In\" \/>\n\t\t\t\t<input type=\"hidden\" name=\"redirect_to\" value=\"https:\/\/ilfuco.it\/en\/wp-json\/wp\/v2\/product\/4092\" \/>\n\t\t\t<\/p><\/form><\/div><\/div>","wpcf_single_campaign":"\n<div class=\"wpneo-wrapper\">\n    <div class=\"wpneocf-container\">\n        <div id=\"primary\" class=\"content-area\">\n            <div id=\"content\" class=\"site-content\" role=\"main\">\n                <div class=\"wpneo-list-details\">\n\n\t\t\t\t\t                    <div itemscope itemtype=\"http:\/\/schema.org\/ItemList\" id=\"campaign-4092\" class=\"post-4092 product type-product status-publish has-post-thumbnail product_cat-license product_tag-corso product_tag-drone product_tag-droni product_tag-easa product_tag-enac product_tag-il-fuco product_tag-offerta product_tag-patentino product_tag-uas  instock virtual sold-individually purchasable product-type-simple entry content-bg loop-entry\">\n\t\t\t\t\t\t<div class=\"wpneo-campaign-single-left-info\">\n    <div class=\"wpneo-post-img\">   \n        <a href=\"https:\/\/ilfuco.it\/wp-content\/uploads\/2024\/01\/aquile-pulsante-copia.webp\" itemprop=\"image\" class=\"wpneo-single-main-image zoom\" title=\"\" data-rel=\"prettyPhoto[product-gallery]\"><img width=\"607\" height=\"607\" src=\"https:\/\/ilfuco.it\/wp-content\/uploads\/2024\/01\/aquile-pulsante-copia.webp\" class=\"attachment-shop_single size-shop_single wp-post-image\" alt=\"\" title=\"aquile-pulsante-copia\" decoding=\"async\" loading=\"lazy\" srcset=\"https:\/\/ilfuco.it\/wp-content\/uploads\/2024\/01\/aquile-pulsante-copia.webp 607w, https:\/\/ilfuco.it\/wp-content\/uploads\/2024\/01\/aquile-pulsante-copia-300x300.webp 300w, https:\/\/ilfuco.it\/wp-content\/uploads\/2024\/01\/aquile-pulsante-copia-150x150.webp 150w, https:\/\/ilfuco.it\/wp-content\/uploads\/2024\/01\/aquile-pulsante-copia-12x12.webp 12w, https:\/\/ilfuco.it\/wp-content\/uploads\/2024\/01\/aquile-pulsante-copia-600x600.webp 600w, https:\/\/ilfuco.it\/wp-content\/uploads\/2024\/01\/aquile-pulsante-copia-100x100.webp 100w, https:\/\/ilfuco.it\/wp-content\/uploads\/2024\/01\/aquile-pulsante-copia-50x50.webp 50w\" sizes=\"auto, (max-width: 607px) 100vw, 607px\" \/><\/a>            <\/div>\n    \n    <div style=\"clear: both\"><\/div>\n<div class=\"wpneo-single-short-description\">\n    <h2>Short Story<\/h2>\n    <div itemprop=\"description\">\n        <p>Per chi ha deciso di rendere la sua passione la sua professione.<br \/>\n22 semplici lezioni e cinque quiz ti daranno la possibilit\u00e0 di prendere il &#8220;3\u00b0 certificato dell&#8217;Academy ILFUCO.IT &#8221; e di poter conseguire la patente EASA categoria A2<\/p>\n    <\/div>\n<\/div>\n<\/div>                        <div class=\"wpneo-campaign-summary\">\n                            <div class=\"wpneo-campaign-summary-inner\" itemscope itemtype=\"http:\/\/schema.org\/DonateAction\">\n\t\t\t\t\t\t\t\t<h2 class=\"wpneo-campaign-title\">Categoria AQUILE\ud83e\udd85 A2<\/h2><p class=\"wpneo-author-info\">\n    by    <a href=\"javascript:;\" data-author=\"1\" class=\"wpneo-fund-modal-btn\">Marco Sandano<\/a>\n<\/p><div class=\"woocommerce\"><\/div><div class=\"campaign-funding-info\">\n    <ul>\n        <li>\n            <p class=\"funding-amount\">\n                Not Set            <\/p>\n            <span class=\"info-text\">Funding Goal<\/span>\n        <\/li>\n        <li>\n            <p class=\"funding-amount\"><span class=\"woocommerce-Price-amount amount\"><bdi><span class=\"woocommerce-Price-currencySymbol\">&euro;<\/span>0,00<\/bdi><\/span><\/p>\n            <span class=\"info-text\">Funds Raised<\/span>\n        <\/li>\n                    <li>\n                                    <p class=\"funding-amount\">0<\/p>\n                    <span class=\"info-text\">Days to go<\/span>\n                            <\/li>\n        \n        <li>\n            <p class=\"funding-amount\">\n                Goal and Date            <\/p>\n            <span class=\"info-text\">Campaign End Method<\/span>\n        <\/li>\n    <\/ul>\n<\/div><div class=\"wpneo-raised-percent\">\n    <div class=\"wpneo-meta-name\">Raised Percent :<\/div>\n    <div class=\"wpneo-meta-desc\" >0%<\/div>\n<\/div>\n<div class=\"wpneo-raised-bar\">\n    <div id=\"neo-progressbar\">\n                <div style=\"width: 0%\"><\/div>\n    <\/div>\n<\/div><div class=\"wpneo-single-sidebar ASA\">\n\t<\/div>\n<div class=\"wpneo-campaign-creator-info-wrapper\">\n    <div class=\"wpneo-campaign-creator-avatar\">\n                                    <img src=\"https:\/\/ilfuco.it\/wp-content\/plugins\/profilegrid-user-profiles-groups-and-communities\/public\/\/partials\/images\/admin-default-user.png\" width=\"80\" height=\"80\" class=\"user-profile-image\" \/>                        <\/div>\n    <div class=\"wpneo-campaign-creator-details\">\n        <p><a href=\"javascript:;\" data-author=\"1\" class=\"wpneo-fund-modal-btn\" >Marco Sandano<\/a> <\/p>\n        <p>0 Campaigns | 0 Loved campaigns <\/p>\n                <p><a href=\"javascript:;\" data-author=\"1\" class=\"wpneo-fund-modal-btn wpneo-link-style1\"><strong>See full bio<\/strong><\/a><\/p>\n    <\/div>\n<\/div>                            <\/div><!-- .wpneo-campaign-summary-inner -->\n                        <\/div><!-- .wpneo-campaign-summary -->\n\t\t\t\t\t\t    \n    \n    <div class=\"wpneo-tabs\">\n        <ul class=\"wpneo-tabs-menu\">\n                            <li class=\"wpneo-current description_tab\">\n                    <a href=\"#wpneo-tab-description\">Campaign Story<\/a>\n                <\/li>\n                            <li class=\" reviews_tab\">\n                    <a href=\"#wpneo-tab-reviews\">Reviews (0)<\/a>\n                <\/li>\n                    <\/ul>\n        <div class=\"wpneo-tab\">\n                            <div id=\"wpneo-tab-description\" class=\"wpneo-tab-content\">\n                    \n    <div class=\"tab-description tab_col_9 tab-campaign-story-left\">\n        <h2>Campaign Story<\/h2>\n        <div class=\"members-access-error\"><\/div>\n    <\/div>\n\n<div class=\"tab-rewards tab_col_3 tab-campaign-story-right\">\n    <div style=\"clear: both\"><\/div>\n\t<div style=\"clear: both\"><\/div>\n<\/div>                <\/div>\n                            <div id=\"wpneo-tab-reviews\" class=\"wpneo-tab-content\">\n                                    <\/div>\n                    <\/div>\n        <div class=\"clear-float\"><\/div>\n    <\/div>\n\n                        <meta itemprop=\"url\" content=\"https:\/\/ilfuco.it\/en\/product\/a2\/\" \/>\n                    <\/div><!-- #campaign-4092 -->\n\t\t\t\t\t\t\t\t\t\t\n                <\/div>\n            <\/div><!-- #content -->\n        <\/div><!-- #primary -->\n    <\/div>\n\n<\/div>\n","wpcf_popular_campaign":[],"wpcf_project_listing":[],"_links":{"self":[{"href":"https:\/\/ilfuco.it\/en\/wp-json\/wp\/v2\/product\/4092","targetHints":{"allow":["GET"]}}],"collection":[{"href":"https:\/\/ilfuco.it\/en\/wp-json\/wp\/v2\/product"}],"about":[{"href":"https:\/\/ilfuco.it\/en\/wp-json\/wp\/v2\/types\/product"}],"replies":[{"embeddable":true,"href":"https:\/\/ilfuco.it\/en\/wp-json\/wp\/v2\/comments?post=4092"}],"wp:featuredmedia":[{"embeddable":true,"href":"https:\/\/ilfuco.it\/en\/wp-json\/wp\/v2\/media\/5319"}],"wp:attachment":[{"href":"https:\/\/ilfuco.it\/en\/wp-json\/wp\/v2\/media?parent=4092"}],"wp:term":[{"taxonomy":"product_brand","embeddable":true,"href":"https:\/\/ilfuco.it\/en\/wp-json\/wp\/v2\/product_brand?post=4092"},{"taxonomy":"product_cat","embeddable":true,"href":"https:\/\/ilfuco.it\/en\/wp-json\/wp\/v2\/product_cat?post=4092"},{"taxonomy":"product_tag","embeddable":true,"href":"https:\/\/ilfuco.it\/en\/wp-json\/wp\/v2\/product_tag?post=4092"}],"curies":[{"name":"wp","href":"https:\/\/api.w.org\/{rel}","templated":true}]}}